{"id":39957,"date":"2025-01-31T03:17:09","date_gmt":"2025-01-31T02:17:09","guid":{"rendered":"https:\/\/develop.permis111.com\/?post_type=product&#038;p=39957"},"modified":"2025-11-25T05:14:01","modified_gmt":"2025-11-25T04:14:01","slug":"super-root-coffee","status":"publish","type":"product","link":"https:\/\/permis111.com\/en\/product\/super-root-coffee\/","title":{"rendered":"SUPER ROOT COFFEE"},"content":{"rendered":"<p><span class=\"fontstyle0\">BOOOOOOOOSTEZ VOTRE APPETIT SEXUEL : <\/span><span class=\"fontstyle2\">Augmente le niveau de libido masculine et f\u00e9minine; Renforce la virilit\u00e9 masculine; Augmente la fertilit\u00e9 chez la femme; Augmente les niveaux d&rsquo;\u00e9nergie et d&rsquo;endurance; Aide les femmes \u00e0 traverser les sympt\u00f4mes de la p\u00e9ri-m\u00e9naupouse ou de la m\u00e9nopause, en particulier les bouff\u00e9es de chaleur<\/span><\/p>","protected":false},"excerpt":{"rendered":"<p><strong>PRISE DU DOOBLE ROOT COFFEE<\/strong><\/p>\n<ul>\n<li>Faites chauffer de l\u2019eau juste en dessous de l\u2019\u00e9bullition.<\/li>\n<li>Ajouter un sachet, remuer et buvez.<\/li>\n<li>Le prendre \u00e0 n\u2019importe quel moment de la journ\u00e9e.<\/li>\n<\/ul>","protected":false},"featured_media":41609,"comment_status":"open","ping_status":"closed","template":"","meta":[],"product_brand":[],"product_cat":[86],"product_tag":[88,87,89],"class_list":{"0":"post-39957","1":"product","2":"type-product","3":"status-publish","4":"has-post-thumbnail","6":"product_cat-permis111","7":"product_tag-aide","8":"product_tag-augmenter","9":"product_tag-renforce","11":"first","12":"instock","13":"sale","14":"taxable","15":"shipping-taxable","16":"purchasable","17":"product-type-simple"},"_links":{"self":[{"href":"https:\/\/permis111.com\/en\/wp-json\/wp\/v2\/product\/39957","targetHints":{"allow":["GET"]}}],"collection":[{"href":"https:\/\/permis111.com\/en\/wp-json\/wp\/v2\/product"}],"about":[{"href":"https:\/\/permis111.com\/en\/wp-json\/wp\/v2\/types\/product"}],"replies":[{"embeddable":true,"href":"https:\/\/permis111.com\/en\/wp-json\/wp\/v2\/comments?post=39957"}],"version-history":[{"count":1,"href":"https:\/\/permis111.com\/en\/wp-json\/wp\/v2\/product\/39957\/revisions"}],"predecessor-version":[{"id":41626,"href":"https:\/\/permis111.com\/en\/wp-json\/wp\/v2\/product\/39957\/revisions\/41626"}],"wp:featuredmedia":[{"embeddable":true,"href":"https:\/\/permis111.com\/en\/wp-json\/wp\/v2\/media\/41609"}],"wp:attachment":[{"href":"https:\/\/permis111.com\/en\/wp-json\/wp\/v2\/media?parent=39957"}],"wp:term":[{"taxonomy":"product_brand","embeddable":true,"href":"https:\/\/permis111.com\/en\/wp-json\/wp\/v2\/product_brand?post=39957"},{"taxonomy":"product_cat","embeddable":true,"href":"https:\/\/permis111.com\/en\/wp-json\/wp\/v2\/product_cat?post=39957"},{"taxonomy":"product_tag","embeddable":true,"href":"https:\/\/permis111.com\/en\/wp-json\/wp\/v2\/product_tag?post=39957"}],"curies":[{"name":"wp","href":"https:\/\/api.w.org\/{rel}","templated":true}]}}