{"id":41633,"date":"2025-07-05T04:14:47","date_gmt":"2025-07-05T02:14:47","guid":{"rendered":"https:\/\/permis111.com\/?page_id=41633"},"modified":"2025-07-10T13:58:55","modified_gmt":"2025-07-10T11:58:55","slug":"formations","status":"publish","type":"page","link":"https:\/\/permis111.com\/pt\/formations\/","title":{"rendered":"Formations"},"content":{"rendered":"\t\t<div data-elementor-type=\"wp-page\" data-elementor-id=\"41633\" class=\"elementor elementor-41633\">\n\t\t\t\t<div data-particle_enable=\"false\" data-particle-mobile-disabled=\"false\" class=\"elementor-element elementor-element-5b5cb63 e-flex e-con-boxed e-con e-parent\" data-id=\"5b5cb63\" data-element_type=\"container\" data-e-type=\"container\" data-settings=\"{&quot;background_background&quot;:&quot;classic&quot;}\">\n\t\t\t\t\t<div class=\"e-con-inner\">\n\t\t<div data-particle_enable=\"false\" data-particle-mobile-disabled=\"false\" class=\"elementor-element elementor-element-cfb436e e-con-full e-flex e-con e-child\" data-id=\"cfb436e\" data-element_type=\"container\" data-e-type=\"container\">\n\t\t\t\t<div class=\"hf-elementor-layout elementor-element elementor-element-1008885 elementor-widget elementor-widget-button\" data-id=\"1008885\" data-element_type=\"widget\" data-e-type=\"widget\" data-widget_type=\"button.default\">\n\t\t\t\t<div class=\"elementor-widget-container\">\n\t\t\t\t\t\t\t\t\t<div class=\"elementor-button-wrapper\">\n\t\t\t\t\t<a class=\"elementor-button elementor-button-link elementor-size-sm\" href=\"#\">\n\t\t\t\t\t\t<span class=\"elementor-button-content-wrapper\">\n\t\t\t\t\t\t\t\t\t<span class=\"elementor-button-text\">Avec Bio Th\u00e9rapeute SADEU<\/span>\n\t\t\t\t\t<\/span>\n\t\t\t\t\t<\/a>\n\t\t\t\t<\/div>\n\t\t\t\t\t\t\t\t<\/div>\n\t\t\t\t<\/div>\n\t\t\t\t<div class=\"hf-elementor-layout elementor-element elementor-element-f9d3fa5 elementor-widget elementor-widget-heading\" data-id=\"f9d3fa5\" data-element_type=\"widget\" data-e-type=\"widget\" data-widget_type=\"heading.default\">\n\t\t\t\t<div class=\"elementor-widget-container\">\n\t\t\t\t\t<h2 class=\"elementor-heading-title elementor-size-default\">Ma\u00eetrisez la Conduite Optimale de Votre V\u00e9hicule Corporel<\/h2>\t\t\t\t<\/div>\n\t\t\t\t<\/div>\n\t\t\t\t<div class=\"hf-elementor-layout elementor-element elementor-element-03f9591 elementor-widget__width-initial elementor-widget elementor-widget-text-editor\" data-id=\"03f9591\" data-element_type=\"widget\" data-e-type=\"widget\" data-widget_type=\"text-editor.default\">\n\t\t\t\t<div class=\"elementor-widget-container\">\n\t\t\t\t\t\t\t\t\t<p>D\u00e9couvrez les secrets de la long\u00e9vit\u00e9 exceptionnelle gr\u00e2ce \u00e0 plus de 7 ans d&rsquo;exp\u00e9rience en bioth\u00e9rapie cellulaire. Apprenez \u00e0 activer votre pouvoir d&rsquo;auto-gu\u00e9rison naturel et \u00e0 transformer votre approche de la sant\u00e9 pour ne plus jamais tomber malade.<\/p>\t\t\t\t\t\t\t\t<\/div>\n\t\t\t\t<\/div>\n\t\t\t\t<\/div>\n\t\t<div data-particle_enable=\"false\" data-particle-mobile-disabled=\"false\" class=\"elementor-element elementor-element-c646912 e-con-full e-flex e-con e-child\" data-id=\"c646912\" data-element_type=\"container\" data-e-type=\"container\">\n\t\t\t\t<div class=\"hf-elementor-layout elementor-element elementor-element-3df51bf elementor-widget elementor-widget-image\" data-id=\"3df51bf\" data-element_type=\"widget\" data-e-type=\"widget\" data-widget_type=\"image.default\">\n\t\t\t\t<div class=\"elementor-widget-container\">\n\t\t\t\t\t\t\t\t\t\t\t\t\t\t\t<img fetchpriority=\"high\" decoding=\"async\" width=\"390\" height=\"500\" src=\"https:\/\/permis111.com\/wp-content\/uploads\/2025\/01\/Logo-TK-180-x-210-px-390-x-500-px.png\" class=\"attachment-large size-large wp-image-39337\" alt=\"\" srcset=\"https:\/\/permis111.com\/wp-content\/uploads\/2025\/01\/Logo-TK-180-x-210-px-390-x-500-px.png 390w, https:\/\/permis111.com\/wp-content\/uploads\/2025\/01\/Logo-TK-180-x-210-px-390-x-500-px-234x300.png 234w\" sizes=\"(min-width: 960px) 75vw, 100vw\" \/>\t\t\t\t\t\t\t\t\t\t\t\t\t\t\t<\/div>\n\t\t\t\t<\/div>\n\t\t\t\t<\/div>\n\t\t\t\t\t<\/div>\n\t\t\t\t<\/div>\n\t\t<div data-particle_enable=\"false\" data-particle-mobile-disabled=\"false\" class=\"elementor-element elementor-element-5f2fa12 e-flex e-con-boxed e-con e-parent\" data-id=\"5f2fa12\" data-element_type=\"container\" data-e-type=\"container\">\n\t\t\t\t\t<div class=\"e-con-inner\">\n\t\t\t\t<div class=\"hf-elementor-layout elementor-element elementor-element-5f13c27 elementor-widget elementor-widget-etlms-course-list tutor-addon etlms-course-list\" data-id=\"5f13c27\" data-element_type=\"widget\" data-e-type=\"widget\" data-widget_type=\"etlms-course-list.default\">\n\t\t\t\t<div class=\"elementor-widget-container\">\n\t\t\t\t\t<div class=\"tutor-wrap tutor-courses-wrap tutor-container etlms-course-list-main-wrap\">\n\t\t\t\t\t<div class=\"etlms-course-list-loop-wrap tutor-course-list tutor-grid tutor-grid-3\">\n\t\t\t\t\t\t\t<div class=\"etlms-course-list-col\">\n\t\t\t\t\t<div class=\"tutor-card tutor-course-card tutor-loop-course-container etlms-course-card-classic   etlms-has-hover-animation\">\n            <div class=\"tutor-course-thumbnail\">\n        <a href=\"https:\/\/permis111.com\/pt\/cours\/formation-permis111-introduction-a-la-biotherapie-cellulaire\/\" class=\"tutor-d-block\">\n            <div class=\"tutor-ratio tutor-ratio-16x9\">\n                <img decoding=\"async\" class=\"tutor-card-image-top\" src=\"https:\/\/permis111.com\/wp-content\/plugins\/tutor\/assets\/images\/placeholder.svg\" alt=\"Formation Permis111 &#8211; Sant\u00e9 Physique Optimale en 222 Conseils Ludiques\" loading=\"lazy\">\n            <\/div>\n        <\/a>\n    <\/div>\n<div class=\"tutor-course-bookmark\">\n    <span class=\"cart-required-login save-bookmark-btn tutor-iconic-btn tutor-iconic-btn-secondary\" data-course-id=\"41708\" role=\"button\">\n            <i class=\"tutor-icon-bookmark-line\"><\/i>\n        <\/span><\/div>\n\n    <div class=\"tutor-card-body\">\n        <div class=\"tutor-course-ratings tutor-mb-8\">\n    <div class=\"tutor-ratings\">\n        <div class=\"tutor-ratings-stars\">\n            <span class=\"tutor-icon-star-line\" data-rating-value=\"1\"><\/span><span class=\"tutor-icon-star-line\" data-rating-value=\"2\"><\/span><span class=\"tutor-icon-star-line\" data-rating-value=\"3\"><\/span><span class=\"tutor-icon-star-line\" data-rating-value=\"4\"><\/span><span class=\"tutor-icon-star-line\" data-rating-value=\"5\"><\/span>        <\/div>\n\n            <\/div>\n<\/div>\n<h3 class=\"tutor-course-name tutor-fs-5 tutor-fw-medium tutor-mb-12\" title=\"Formation Permis111 &#8211; Sant\u00e9 Physique Optimale en 222 Conseils Ludiques\">\n    <a href=\"https:\/\/permis111.com\/pt\/cours\/formation-permis111-introduction-a-la-biotherapie-cellulaire\/\">Formation Permis111 &#8211; Sant\u00e9 Physique Optimale en 222 Conseils Ludiques<\/a>\n<\/h3>\n<div class=\"tutor-meta tutor-mt-auto\">\n\t\t<div>\n\t\t<a href=\"https:\/\/permis111.com\/pt\/profile\/admin-permis111?view=instructor\" class=\"tutor-d-flex\">\n\t\t\t<div class=\"tutor-avatar\"><div class=\"tutor-ratio tutor-ratio-1x1\"><span class=\"tutor-avatar-text\">P<\/span><\/div><\/div>\t\t<\/a>\n\t<\/div>\n\t\n\t<div>\n\t\t\t\t<span class=\"etlms-course-author-meta tutor-meta-key\">By<\/span>\n\t\t<a class=\"etlms-course-author-meta tutor-meta-value\" href=\"https:\/\/permis111.com\/pt\/profile\/admin-permis111?view=instructor\">Permis111<\/a>\n\t\t\n\t\t\t<\/div>\n<\/div>\n    <\/div>\n\n    <div class=\"tutor-card-footer\">\n\t\t\n<div class=\"list-item-button\">\n\t<a \thref=\"https:\/\/permis111.com\/pt\/cours\/formation-permis111-introduction-a-la-biotherapie-cellulaire\/lecon\/lorigine-du-mal-vous-netes-pas-malade-vous-etes-sales\/\" \n\t\tclass=\"tutor-btn tutor-btn-outline-primary tutor-btn-md tutor-btn-block \" \n\t\tdata-course_id=\"41708\">\n\t\tCome\u00e7ar a aprender\t<\/a>\n\t<\/div>\n<\/div>\n<\/div>\t\t\t\t<\/div>\n\t\t\t\t\t<\/div>\n\n\t\t\t\t\t\t\t<div class=\"etlms-course-list-pagination-wrap tutor-mt-32\">\n\t\t\t<div class=\"etlms-pagination prev-next\">\n\t\t\t\t\n\t\t\t\t\t\n\t\t\t\t\t\t<\/div>\n\t\t\t\t<\/div>\n<div class=\"tutor-modal tutor-login-modal\">\n\t<div class=\"tutor-modal-overlay\"><\/div>\n\t<div class=\"tutor-modal-window tutor-modal-window-sm\">\n\t\t<div class=\"tutor-modal-content tutor-modal-content-white\">\n\t\t\t<button class=\"tutor-iconic-btn tutor-modal-close-o\" data-tutor-modal-close>\n\t\t\t\t<span class=\"tutor-icon-times\" area-hidden=\"true\"><\/span>\n\t\t\t<\/button>\n\n\t\t\t<div class=\"tutor-modal-body\">\n\t\t\t\t<div class=\"tutor-py-48\">\n\t\t\t\t\t\t\t\t\t\t<div class=\"tutor-fs-4 tutor-fw-medium tutor-color-black tutor-mb-32\">Hi, Welcome back!<\/div>\n\t\t\t\t\t<form id=\"tutor-login-form\" method=\"post\">\n\t\t<input type=\"hidden\" id=\"_tutor_nonce\" name=\"_tutor_nonce\" value=\"2eac60021e\" \/><input type=\"hidden\" name=\"_wp_http_referer\" value=\"\/pt\/wp-json\/wp\/v2\/pages\/41633\" \/>\t<input type=\"hidden\" name=\"tutor_action\" value=\"tutor_user_login\" \/>\n\t<input type=\"hidden\" name=\"redirect_to\" value=\"https:\/\/permis111.com\/pt\/wp-json\/wp\/v2\/pages\/41633\" \/>\n\n\t<div class=\"tutor-mb-20\">\n\t\t<input type=\"text\" class=\"tutor-form-control\" placeholder=\"Nome de utilizador ou endere\u00e7o de email\" name=\"log\" value=\"\" size=\"20\" required\/>\n\t<\/div>\n\n\t<div class=\"tutor-mb-32\">\n\t\t<input type=\"password\" class=\"tutor-form-control\" placeholder=\"Senha\" name=\"pwd\" value=\"\" size=\"20\" required\/>\n\t<\/div>\n\n\t<div class=\"tutor-login-error\"><\/div>\n\t\t\t<input type=\"hidden\" name=\"timezone\" value=\"Europe\/Paris\" \/>\n\t\t<script>\n\t\t\tdocument.addEventListener('DOMContentLoaded', function() {\n\t\t\t\tconst timezone = document.querySelector('input[name=\"timezone\"]');\n\t\t\t\tif ( timezone) {\n\t\t\t\t\tconst tz = Intl.DateTimeFormat().resolvedOptions().timeZone;\n\t\t\t\t\ttimezone.value = tz\n\t\t\t\t}\n\t\t\t});\n\t\t<\/script>\n\t\t\t\t<input type=\"text\" style=\"display:none\" autocomplete=\"off\" value=\"\" name=\"_uuid\">\n\t\t\t<div class=\"tutor-d-flex tutor-justify-between tutor-align-center tutor-mb-40\">\n\t\t<div class=\"tutor-form-check\">\n\t\t\t<input id=\"tutor-login-agmnt-1\" type=\"checkbox\" class=\"tutor-form-check-input tutor-bg-black-40\" name=\"rememberme\" value=\"forever\" \/>\n\t\t\t<label for=\"tutor-login-agmnt-1\" class=\"tutor-fs-7 tutor-color-muted\">\n\t\t\t\tKeep me signed in\t\t\t<\/label>\n\t\t<\/div>\n\t\t<a href=\"https:\/\/permis111.com\/pt\/dashboard\/retrieve-password\" class=\"tutor-btn tutor-btn-ghost\">\n\t\t\tEsqueceu-se da senha?\t\t<\/a>\n\t<\/div>\n\n\t\t<button type=\"submit\" class=\"tutor-btn tutor-btn-primary tutor-btn-block\">\n\t\tIniciar sess\u00e3o\t<\/button>\n\t\n\t\t\t\t\t<div class=\"tutor-text-center tutor-fs-6 tutor-color-secondary tutor-mt-20\">\n\t\t\tN\u00e3o tem uma conta?&nbsp;\n\t\t\t<a href=\"https:\/\/permis111.com\/pt\/student-registration\/?redirect_to=https:\/\/permis111.com\/pt\/wp-json\/wp\/v2\/pages\/41633\" class=\"tutor-btn tutor-btn-link\">\n\t\t\t\tRegiste-se agora\t\t\t<\/a>\n\t\t<\/div>\n\t\t<\/form>\n<script>\n\tdocument.addEventListener('DOMContentLoaded', function() {\n\t\tvar { __ } = wp.i18n;\n\t\tvar loginModal = document.querySelector('.tutor-modal.tutor-login-modal');\n\t\tvar errors = [];\n\t\tif (loginModal && errors.length) {\n\t\t\tloginModal.classList.add('tutor-is-active');\n\t\t}\n\t});\n<\/script>\n\n\t\t\t\t\t\t\t\t\t<\/div>\n\t\t\t\t\t\t\t<\/div>\n\t\t<\/div>\n\t<\/div>\n<\/div>\n\t\t\t\t<\/div>\n\t\t\t\t<\/div>\n\t\t\t\t\t<\/div>\n\t\t\t\t<\/div>\n\t\t\t\t<\/div>\n\t\t","protected":false},"excerpt":{"rendered":"<p>Avec Bio Th\u00e9rapeute SADEU Ma\u00eetrisez la Conduite Optimale de Votre V\u00e9hicule Corporel D\u00e9couvrez les secrets de la long\u00e9vit\u00e9 exceptionnelle gr\u00e2ce \u00e0 plus de 7 ans d&rsquo;exp\u00e9rience en bioth\u00e9rapie cellulaire. Apprenez \u00e0 activer votre pouvoir d&rsquo;auto-gu\u00e9rison naturel et \u00e0 transformer votre approche de la sant\u00e9 pour ne plus jamais tomber malade. Formation Permis111 &#8211; Sant\u00e9 Physique [&hellip;]<\/p>\n","protected":false},"author":12,"featured_media":0,"parent":0,"menu_order":0,"comment_status":"closed","ping_status":"closed","template":"elementor_header_footer","meta":{"footnotes":""},"class_list":["post-41633","page","type-page","status-publish","hentry"],"_links":{"self":[{"href":"https:\/\/permis111.com\/pt\/wp-json\/wp\/v2\/pages\/41633","targetHints":{"allow":["GET"]}}],"collection":[{"href":"https:\/\/permis111.com\/pt\/wp-json\/wp\/v2\/pages"}],"about":[{"href":"https:\/\/permis111.com\/pt\/wp-json\/wp\/v2\/types\/page"}],"author":[{"embeddable":true,"href":"https:\/\/permis111.com\/pt\/wp-json\/wp\/v2\/users\/12"}],"replies":[{"embeddable":true,"href":"https:\/\/permis111.com\/pt\/wp-json\/wp\/v2\/comments?post=41633"}],"version-history":[{"count":49,"href":"https:\/\/permis111.com\/pt\/wp-json\/wp\/v2\/pages\/41633\/revisions"}],"predecessor-version":[{"id":41742,"href":"https:\/\/permis111.com\/pt\/wp-json\/wp\/v2\/pages\/41633\/revisions\/41742"}],"wp:attachment":[{"href":"https:\/\/permis111.com\/pt\/wp-json\/wp\/v2\/media?parent=41633"}],"curies":[{"name":"wp","href":"https:\/\/api.w.org\/{rel}","templated":true}]}}