{"id":39962,"date":"2025-01-31T03:17:09","date_gmt":"2025-01-31T02:17:09","guid":{"rendered":"https:\/\/develop.permis111.com\/?post_type=product&#038;p=39962"},"modified":"2025-11-25T04:45:55","modified_gmt":"2025-11-25T03:45:55","slug":"scc","status":"publish","type":"product","link":"https:\/\/permis111.com\/pt\/produto\/scc\/","title":{"rendered":"SCC+"},"content":{"rendered":"<p><span class=\"fontstyle0\">LIBEREZ VOTRE ORGANISME ET RETROUVER VOTRE SANT\u00c9:\u00a0 <\/span><span class=\"fontstyle2\">Nettoie en profondeur le tube digestif ; \u00c9limine les toxines et m\u00e9taux lourds; Tr\u00e8s efficace contre la constipation chronique; Restaure le PH Faits perdre le poids naturellement<\/span><\/p>","protected":false},"excerpt":{"rendered":"<div class=\"content user-select-text\" tabindex=\"0\" aria-description=\"\" aria-label=\"Envoy\u00e9 par Copilot\u00a0: Bien s\u00fbr ! Voici le texte de l'image : **PRISE DU SCC+** - 1 sachet par jour le soir au coucher - Versez le contenu du sachet dans 200 ml d'eau, remuer et boire imm\u00e9diatement - Sommeil paisible et r\u00e9veil abdominal Si vous avez besoin d'autres informations ou d'aide suppl\u00e9mentaire, n'h\u00e9sitez pas \u00e0 demander !\">\n<div class=\"ac-container ac-adaptiveCard has-image\">\n<div class=\"ac-textBlock\">\n<p><strong>PRISE DU SCC+<\/strong><\/p>\n<ul>\n<li>1 sachet par jour le soir au coucher<\/li>\n<li>Versez le contenu du sachet dans 200 ml d\u2019eau, remuer et boire imm\u00e9diatement<\/li>\n<li>Sommeil paisible et r\u00e9veil abdominal<\/li>\n<\/ul>\n<\/div>\n<\/div>\n<div class=\"ad-container\"><\/div>\n<\/div>","protected":false},"featured_media":41613,"comment_status":"open","ping_status":"closed","template":"","meta":[],"product_brand":[],"product_cat":[86],"product_tag":[102,99,97],"class_list":{"0":"post-39962","1":"product","2":"type-product","3":"status-publish","4":"has-post-thumbnail","6":"product_cat-permis111","7":"product_tag-elimine","8":"product_tag-nettoie","9":"product_tag-restaurer","11":"first","12":"instock","13":"sale","14":"taxable","15":"shipping-taxable","16":"purchasable","17":"product-type-simple"},"_links":{"self":[{"href":"https:\/\/permis111.com\/pt\/wp-json\/wp\/v2\/product\/39962","targetHints":{"allow":["GET"]}}],"collection":[{"href":"https:\/\/permis111.com\/pt\/wp-json\/wp\/v2\/product"}],"about":[{"href":"https:\/\/permis111.com\/pt\/wp-json\/wp\/v2\/types\/product"}],"replies":[{"embeddable":true,"href":"https:\/\/permis111.com\/pt\/wp-json\/wp\/v2\/comments?post=39962"}],"version-history":[{"count":1,"href":"https:\/\/permis111.com\/pt\/wp-json\/wp\/v2\/product\/39962\/revisions"}],"predecessor-version":[{"id":41622,"href":"https:\/\/permis111.com\/pt\/wp-json\/wp\/v2\/product\/39962\/revisions\/41622"}],"wp:featuredmedia":[{"embeddable":true,"href":"https:\/\/permis111.com\/pt\/wp-json\/wp\/v2\/media\/41613"}],"wp:attachment":[{"href":"https:\/\/permis111.com\/pt\/wp-json\/wp\/v2\/media?parent=39962"}],"wp:term":[{"taxonomy":"product_brand","embeddable":true,"href":"https:\/\/permis111.com\/pt\/wp-json\/wp\/v2\/product_brand?post=39962"},{"taxonomy":"product_cat","embeddable":true,"href":"https:\/\/permis111.com\/pt\/wp-json\/wp\/v2\/product_cat?post=39962"},{"taxonomy":"product_tag","embeddable":true,"href":"https:\/\/permis111.com\/pt\/wp-json\/wp\/v2\/product_tag?post=39962"}],"curies":[{"name":"wp","href":"https:\/\/api.w.org\/{rel}","templated":true}]}}