{"id":39965,"date":"2025-01-31T03:17:09","date_gmt":"2025-01-31T02:17:09","guid":{"rendered":"https:\/\/develop.permis111.com\/?post_type=product&#038;p=39965"},"modified":"2025-11-25T05:12:57","modified_gmt":"2025-11-25T04:12:57","slug":"sic","status":"publish","type":"product","link":"https:\/\/permis111.com\/pt\/produto\/sic\/","title":{"rendered":"SIC"},"content":{"rendered":"<p>BOOOOOOOOSTEZ VOTRE<br \/>\nSYST\u00c8ME IMMUNITAIRE<\/p>\n<p>Augmente les niveaux d&rsquo;\u00e9nergie<br \/>\nAm\u00e9liore la sant\u00e9 intestinale<br \/>\nR\u00e9duit l&rsquo;inflammation<br \/>\nAide \u00e0 la d\u00e9sintoxication en direct<br \/>\nNormalise la glyc\u00e9mie<br \/>\nEmp\u00eache le d\u00e9s\u00e9quilibre<br \/>\nbiochimique Renforce le syst\u00e8me<br \/>\nimmunitaire<\/p>","protected":false},"excerpt":{"rendered":"<p><strong>PRISSE DU SIC<\/strong>\u00a01 \u00e0 2 sachets par jour<\/p>\n<ul>\n<li>Versez le contenu du sachet dans 100 ml d\u2019eau, remuer et boire imm\u00e9diatement<\/li>\n<li>\u00c0 prendre 15 min apr\u00e8s le STC30 \u00e0 jeun<\/li>\n<\/ul>","protected":false},"featured_media":41615,"comment_status":"open","ping_status":"closed","template":"","meta":[],"product_brand":[],"product_cat":[86],"product_tag":[101,87],"class_list":{"0":"post-39965","1":"product","2":"type-product","3":"status-publish","4":"has-post-thumbnail","6":"product_cat-permis111","7":"product_tag-ameliore","8":"product_tag-augmenter","10":"first","11":"instock","12":"sale","13":"taxable","14":"shipping-taxable","15":"purchasable","16":"product-type-simple"},"_links":{"self":[{"href":"https:\/\/permis111.com\/pt\/wp-json\/wp\/v2\/product\/39965","targetHints":{"allow":["GET"]}}],"collection":[{"href":"https:\/\/permis111.com\/pt\/wp-json\/wp\/v2\/product"}],"about":[{"href":"https:\/\/permis111.com\/pt\/wp-json\/wp\/v2\/types\/product"}],"replies":[{"embeddable":true,"href":"https:\/\/permis111.com\/pt\/wp-json\/wp\/v2\/comments?post=39965"}],"version-history":[{"count":0,"href":"https:\/\/permis111.com\/pt\/wp-json\/wp\/v2\/product\/39965\/revisions"}],"wp:featuredmedia":[{"embeddable":true,"href":"https:\/\/permis111.com\/pt\/wp-json\/wp\/v2\/media\/41615"}],"wp:attachment":[{"href":"https:\/\/permis111.com\/pt\/wp-json\/wp\/v2\/media?parent=39965"}],"wp:term":[{"taxonomy":"product_brand","embeddable":true,"href":"https:\/\/permis111.com\/pt\/wp-json\/wp\/v2\/product_brand?post=39965"},{"taxonomy":"product_cat","embeddable":true,"href":"https:\/\/permis111.com\/pt\/wp-json\/wp\/v2\/product_cat?post=39965"},{"taxonomy":"product_tag","embeddable":true,"href":"https:\/\/permis111.com\/pt\/wp-json\/wp\/v2\/product_tag?post=39965"}],"curies":[{"name":"wp","href":"https:\/\/api.w.org\/{rel}","templated":true}]}}