{"id":41629,"date":"2025-06-24T18:25:50","date_gmt":"2025-06-24T16:25:50","guid":{"rendered":"https:\/\/permis111.com\/?post_type=product&#038;p=41629"},"modified":"2025-06-24T18:28:06","modified_gmt":"2025-06-24T16:28:06","slug":"comment-oublier-l-hopital-et-la-mort-copie","status":"publish","type":"product","link":"https:\/\/permis111.com\/zh\/product\/comment-oublier-l-hopital-et-la-mort-copie\/","title":{"rendered":"SANT\u00c9 PHYSIQUE OPTIMALE"},"content":{"rendered":"<p>Absolument ! Tout le pouvoir r\u00e9side dans quelques petits changements \u00e0 mettre en<br \/>\nplace. Il vous faudra une courte p\u00e9riode pour r\u00e9aliser comment vous pouvez manifester des<br \/>\nchangements profonds en prenant conscience que vous pouvez passer d&rsquo;un monde<br \/>\nd&rsquo;autodestruction \u00e0 un monde de plus grande ma\u00eetrise. Et la chose la plus excitante que vous<br \/>\nallez d\u00e9couvrir en parcourant le livre ( COMMENT SE GU\u00c9RIR SOI MEME ) est que vous pouvez<br \/>\nvivre dans un paradis absolu. Et qu&rsquo;en r\u00e9alit\u00e9, il est possible d&rsquo;\u00e9viter de tomber malade, d&rsquo;\u00e9viter<br \/>\nde demeurer malade, d&rsquo;\u00e9viter de vieillir malade, d&rsquo;\u00e9viter de mourir malade.<br \/>\nBonne lecture&#8230;<\/p>","protected":false},"excerpt":{"rendered":"<p>Lorsque vous changez votre r\u00e9ponse \u00e0 l&rsquo;environnement, vous changez le destin de vos cellules.<br \/>\nCela fait de vous un MA\u00ceTRE, car vous \u00eates celui qui a l&rsquo;opportunit\u00e9 de changer un destin de<br \/>\nmalade de plus en plus chronique condamn\u00e9 \u00e0 une mort certaine \u00e0 celui d&rsquo;une sant\u00e9 physique<br \/>\noptimale condamn\u00e9 \u00e0 vivre au moins 111 ans en parfaite sant\u00e9. En effet, vous \u00eates celui qui<br \/>\ncontr\u00f4le ses g\u00e8nes ! N&rsquo;est ce pas merveilleux ?Voici le grand message de ce livre ( COMMENT SE<br \/>\nGU\u00c9RIR SOI MEME ) : vous pouvez changer le destin de votre maladie, m\u00eame si celle-ci est dite<br \/>\nincurable.<\/p>","protected":false},"featured_media":41630,"comment_status":"open","ping_status":"closed","template":"","meta":[],"product_brand":[],"product_cat":[104],"product_tag":[105],"class_list":{"0":"post-41629","1":"product","2":"type-product","3":"status-publish","4":"has-post-thumbnail","6":"product_cat-livres","7":"product_tag-enseignement","9":"first","10":"instock","11":"taxable","12":"shipping-taxable","13":"purchasable","14":"product-type-simple"},"_links":{"self":[{"href":"https:\/\/permis111.com\/zh\/wp-json\/wp\/v2\/product\/41629","targetHints":{"allow":["GET"]}}],"collection":[{"href":"https:\/\/permis111.com\/zh\/wp-json\/wp\/v2\/product"}],"about":[{"href":"https:\/\/permis111.com\/zh\/wp-json\/wp\/v2\/types\/product"}],"replies":[{"embeddable":true,"href":"https:\/\/permis111.com\/zh\/wp-json\/wp\/v2\/comments?post=41629"}],"version-history":[{"count":1,"href":"https:\/\/permis111.com\/zh\/wp-json\/wp\/v2\/product\/41629\/revisions"}],"predecessor-version":[{"id":41631,"href":"https:\/\/permis111.com\/zh\/wp-json\/wp\/v2\/product\/41629\/revisions\/41631"}],"wp:featuredmedia":[{"embeddable":true,"href":"https:\/\/permis111.com\/zh\/wp-json\/wp\/v2\/media\/41630"}],"wp:attachment":[{"href":"https:\/\/permis111.com\/zh\/wp-json\/wp\/v2\/media?parent=41629"}],"wp:term":[{"taxonomy":"product_brand","embeddable":true,"href":"https:\/\/permis111.com\/zh\/wp-json\/wp\/v2\/product_brand?post=41629"},{"taxonomy":"product_cat","embeddable":true,"href":"https:\/\/permis111.com\/zh\/wp-json\/wp\/v2\/product_cat?post=41629"},{"taxonomy":"product_tag","embeddable":true,"href":"https:\/\/permis111.com\/zh\/wp-json\/wp\/v2\/product_tag?post=41629"}],"curies":[{"name":"wp","href":"https:\/\/api.w.org\/{rel}","templated":true}]}}